{"id":4529,"date":"2024-06-28T22:34:19","date_gmt":"2024-06-28T22:34:19","guid":{"rendered":"https:\/\/180surcampers.com\/es\/?page_id=4529"},"modified":"2024-07-01T14:37:16","modified_gmt":"2024-07-01T14:37:16","slug":"blog","status":"publish","type":"page","link":"https:\/\/180surcampers.com\/es\/blog\/","title":{"rendered":"Blog"},"content":{"rendered":"\t\t<div data-elementor-type=\"wp-page\" data-elementor-id=\"4529\" class=\"elementor elementor-4529\" data-elementor-settings=\"{&quot;ha_cmc_init_switcher&quot;:&quot;no&quot;}\" data-elementor-post-type=\"page\">\n\t\t\t\t<div class=\"elementor-element elementor-element-0731baf e-con-full e-flex e-con e-parent\" data-id=\"0731baf\" data-element_type=\"container\" data-e-type=\"container\" data-settings=\"{&quot;jet_parallax_layout_list&quot;:[],&quot;_ha_eqh_enable&quot;:false}\">\n\t\t\t\t<div class=\"elementor-element elementor-element-d29628b elementor-widget elementor-widget-image\" data-id=\"d29628b\" data-element_type=\"widget\" data-e-type=\"widget\" data-widget_type=\"image.default\">\n\t\t\t\t<div class=\"elementor-widget-container\">\n\t\t\t\t\t\t\t\t\t\t\t\t\t\t\t<img fetchpriority=\"high\" decoding=\"async\" width=\"1920\" height=\"274\" src=\"https:\/\/180surcampers.com\/es\/wp-content\/uploads\/2023\/02\/ondas.png\" class=\"attachment-full size-full wp-image-3688\" alt=\"\" srcset=\"https:\/\/180surcampers.com\/es\/wp-content\/uploads\/2023\/02\/ondas.png 1920w, https:\/\/180surcampers.com\/es\/wp-content\/uploads\/2023\/02\/ondas-300x43.png 300w, https:\/\/180surcampers.com\/es\/wp-content\/uploads\/2023\/02\/ondas-1024x146.png 1024w, https:\/\/180surcampers.com\/es\/wp-content\/uploads\/2023\/02\/ondas-768x110.png 768w, https:\/\/180surcampers.com\/es\/wp-content\/uploads\/2023\/02\/ondas-1536x219.png 1536w\" sizes=\"(max-width: 1920px) 100vw, 1920px\" \/>\t\t\t\t\t\t\t\t\t\t\t\t\t\t\t<\/div>\n\t\t\t\t<\/div>\n\t\t<div class=\"elementor-element elementor-element-4e00a69 e-flex e-con-boxed e-con e-child\" data-id=\"4e00a69\" data-element_type=\"container\" data-e-type=\"container\" data-settings=\"{&quot;jet_parallax_layout_list&quot;:[],&quot;_ha_eqh_enable&quot;:false}\">\n\t\t\t\t\t<div class=\"e-con-inner\">\n\t\t\t\t<div class=\"elementor-element elementor-element-b82f044 elementor-widget elementor-widget-heading\" data-id=\"b82f044\" data-element_type=\"widget\" data-e-type=\"widget\" data-widget_type=\"heading.default\">\n\t\t\t\t<div class=\"elementor-widget-container\">\n\t\t\t\t\t<h2 class=\"elementor-heading-title elementor-size-default\">Blog<\/h2>\t\t\t\t<\/div>\n\t\t\t\t<\/div>\n\t\t<div class=\"elementor-element elementor-element-52418ae e-con-full e-flex e-con e-child\" data-id=\"52418ae\" data-element_type=\"container\" data-e-type=\"container\" data-settings=\"{&quot;jet_parallax_layout_list&quot;:[],&quot;_ha_eqh_enable&quot;:false}\">\n\t\t\t\t<div class=\"elementor-element elementor-element-b48d2af elementor-posts--align-left elementor-grid-3 elementor-grid-tablet-2 elementor-grid-mobile-1 elementor-posts--thumbnail-top elementor-widget elementor-widget-posts\" data-id=\"b48d2af\" data-element_type=\"widget\" data-e-type=\"widget\" data-settings=\"{&quot;classic_row_gap&quot;:{&quot;unit&quot;:&quot;px&quot;,&quot;size&quot;:&quot;&quot;,&quot;sizes&quot;:[]},&quot;classic_masonry&quot;:&quot;yes&quot;,&quot;classic_columns&quot;:&quot;3&quot;,&quot;classic_columns_tablet&quot;:&quot;2&quot;,&quot;classic_columns_mobile&quot;:&quot;1&quot;,&quot;classic_row_gap_tablet&quot;:{&quot;unit&quot;:&quot;px&quot;,&quot;size&quot;:&quot;&quot;,&quot;sizes&quot;:[]},&quot;classic_row_gap_mobile&quot;:{&quot;unit&quot;:&quot;px&quot;,&quot;size&quot;:&quot;&quot;,&quot;sizes&quot;:[]}}\" data-widget_type=\"posts.classic\">\n\t\t\t\t<div class=\"elementor-widget-container\">\n\t\t\t\t\t\t\t<div class=\"elementor-posts-container elementor-posts elementor-posts--skin-classic elementor-grid\" role=\"list\">\n\t\t\t\t<article class=\"elementor-post elementor-grid-item post-4537 post type-post status-publish format-standard has-post-thumbnail hentry category-blog\" role=\"listitem\">\n\t\t\t\t<a class=\"elementor-post__thumbnail__link\" href=\"https:\/\/180surcampers.com\/es\/blog\/los-mejores-lugares-para-esquiar-en-chile-una-aventura-en-los-andes\/\" tabindex=\"-1\" >\n\t\t\t<div class=\"elementor-post__thumbnail\"><img decoding=\"async\" width=\"1574\" height=\"884\" src=\"https:\/\/180surcampers.com\/es\/wp-content\/uploads\/2024\/06\/Fotos-a-taman\u2560ao-BLOG-180_Mesa-de-trabajo-1.png\" class=\"attachment-full size-full wp-image-4538\" alt=\"\" srcset=\"https:\/\/180surcampers.com\/es\/wp-content\/uploads\/2024\/06\/Fotos-a-taman\u2560ao-BLOG-180_Mesa-de-trabajo-1.png 1574w, https:\/\/180surcampers.com\/es\/wp-content\/uploads\/2024\/06\/Fotos-a-taman\u2560ao-BLOG-180_Mesa-de-trabajo-1-300x168.png 300w, https:\/\/180surcampers.com\/es\/wp-content\/uploads\/2024\/06\/Fotos-a-taman\u2560ao-BLOG-180_Mesa-de-trabajo-1-1024x575.png 1024w, https:\/\/180surcampers.com\/es\/wp-content\/uploads\/2024\/06\/Fotos-a-taman\u2560ao-BLOG-180_Mesa-de-trabajo-1-768x431.png 768w, https:\/\/180surcampers.com\/es\/wp-content\/uploads\/2024\/06\/Fotos-a-taman\u2560ao-BLOG-180_Mesa-de-trabajo-1-1536x863.png 1536w\" sizes=\"(max-width: 1574px) 100vw, 1574px\" \/><\/div>\n\t\t<\/a>\n\t\t\t\t<div class=\"elementor-post__text\">\n\t\t\t\t<h3 class=\"elementor-post__title\">\n\t\t\t<a href=\"https:\/\/180surcampers.com\/es\/blog\/los-mejores-lugares-para-esquiar-en-chile-una-aventura-en-los-andes\/\" >\n\t\t\t\tLos Mejores Lugares para Esquiar en Chile: Una Aventura en los Andes\t\t\t<\/a>\n\t\t<\/h3>\n\t\t\t\t<div class=\"elementor-post__meta-data\">\n\t\t\t\t\t<span class=\"elementor-post-date\">\n\t\t\tjunio 28, 2024\t\t<\/span>\n\t\t\t\t<span class=\"elementor-post-avatar\">\n\t\t\tNo hay comentarios\t\t<\/span>\n\t\t\t\t<\/div>\n\t\t\t\t<div class=\"elementor-post__excerpt\">\n\t\t\t<p>Chile, con sus impresionantes monta\u00f1as de los Andes, es un para\u00edso para los entusiastas del esqu\u00ed, ofreciendo una variedad de lugares con calidad excepcional y\t\t<\/div>\n\t\t\n\t\t<a class=\"elementor-post__read-more\" href=\"https:\/\/180surcampers.com\/es\/blog\/los-mejores-lugares-para-esquiar-en-chile-una-aventura-en-los-andes\/\" aria-label=\"M\u00e1s informaci\u00f3n sobre Los Mejores Lugares para Esquiar en Chile: Una Aventura en los Andes\" tabindex=\"-1\" >\n\t\t\tRead More \u00bb\t\t<\/a>\n\n\t\t\t\t<\/div>\n\t\t\t\t<\/article>\n\t\t\t\t<\/div>\n\t\t\n\t\t\t\t\t\t<\/div>\n\t\t\t\t<\/div>\n\t\t\t\t<\/div>\n\t\t\t\t\t<\/div>\n\t\t\t\t<\/div>\n\t\t\t\t<\/div>\n\t\t\t\t<\/div>\n\t\t","protected":false},"excerpt":{"rendered":"<p>Blog<\/p>\n","protected":false},"author":1,"featured_media":0,"parent":0,"menu_order":0,"comment_status":"closed","ping_status":"closed","template":"elementor_header_footer","meta":{"footnotes":""},"class_list":["post-4529","page","type-page","status-publish","hentry"],"yoast_head":"<!-- This site is optimized with the Yoast SEO plugin v27.3 - https:\/\/yoast.com\/product\/yoast-seo-wordpress\/ -->\n<title>Blog - 180surcampers<\/title>\n<meta name=\"robots\" content=\"index, follow, max-snippet:-1, max-image-preview:large, max-video-preview:-1\" \/>\n<link rel=\"canonical\" href=\"https:\/\/180surcampers.com\/es\/blog\/\" \/>\n<meta property=\"og:locale\" content=\"es_ES\" \/>\n<meta property=\"og:type\" content=\"article\" \/>\n<meta property=\"og:title\" content=\"Blog - 180surcampers\" \/>\n<meta property=\"og:description\" content=\"Blog\" \/>\n<meta property=\"og:url\" content=\"https:\/\/180surcampers.com\/es\/blog\/\" \/>\n<meta property=\"og:site_name\" content=\"180surcampers\" \/>\n<meta property=\"article:modified_time\" content=\"2024-07-01T14:37:16+00:00\" \/>\n<meta property=\"og:image\" content=\"https:\/\/180surcampers.com\/es\/wp-content\/uploads\/2023\/02\/ondas.png\" \/>\n<meta name=\"twitter:card\" content=\"summary_large_image\" \/>\n<meta name=\"twitter:label1\" content=\"Tiempo de lectura\" \/>\n\t<meta name=\"twitter:data1\" content=\"1 minuto\" \/>\n<script type=\"application\/ld+json\" class=\"yoast-schema-graph\">{\"@context\":\"https:\\\/\\\/schema.org\",\"@graph\":[{\"@type\":\"WebPage\",\"@id\":\"https:\\\/\\\/180surcampers.com\\\/es\\\/blog\\\/\",\"url\":\"https:\\\/\\\/180surcampers.com\\\/es\\\/blog\\\/\",\"name\":\"Blog - 180surcampers\",\"isPartOf\":{\"@id\":\"https:\\\/\\\/180surcampers.com\\\/es\\\/#website\"},\"primaryImageOfPage\":{\"@id\":\"https:\\\/\\\/180surcampers.com\\\/es\\\/blog\\\/#primaryimage\"},\"image\":{\"@id\":\"https:\\\/\\\/180surcampers.com\\\/es\\\/blog\\\/#primaryimage\"},\"thumbnailUrl\":\"https:\\\/\\\/180surcampers.com\\\/es\\\/wp-content\\\/uploads\\\/2023\\\/02\\\/ondas.png\",\"datePublished\":\"2024-06-28T22:34:19+00:00\",\"dateModified\":\"2024-07-01T14:37:16+00:00\",\"breadcrumb\":{\"@id\":\"https:\\\/\\\/180surcampers.com\\\/es\\\/blog\\\/#breadcrumb\"},\"inLanguage\":\"es\",\"potentialAction\":[{\"@type\":\"ReadAction\",\"target\":[\"https:\\\/\\\/180surcampers.com\\\/es\\\/blog\\\/\"]}]},{\"@type\":\"ImageObject\",\"inLanguage\":\"es\",\"@id\":\"https:\\\/\\\/180surcampers.com\\\/es\\\/blog\\\/#primaryimage\",\"url\":\"https:\\\/\\\/180surcampers.com\\\/es\\\/wp-content\\\/uploads\\\/2023\\\/02\\\/ondas.png\",\"contentUrl\":\"https:\\\/\\\/180surcampers.com\\\/es\\\/wp-content\\\/uploads\\\/2023\\\/02\\\/ondas.png\",\"width\":1920,\"height\":274},{\"@type\":\"BreadcrumbList\",\"@id\":\"https:\\\/\\\/180surcampers.com\\\/es\\\/blog\\\/#breadcrumb\",\"itemListElement\":[{\"@type\":\"ListItem\",\"position\":1,\"name\":\"Home\",\"item\":\"https:\\\/\\\/180surcampers.com\\\/es\\\/\"},{\"@type\":\"ListItem\",\"position\":2,\"name\":\"Blog\"}]},{\"@type\":\"WebSite\",\"@id\":\"https:\\\/\\\/180surcampers.com\\\/es\\\/#website\",\"url\":\"https:\\\/\\\/180surcampers.com\\\/es\\\/\",\"name\":\"180surcampers\",\"description\":\"My WordPress Blog\",\"potentialAction\":[{\"@type\":\"SearchAction\",\"target\":{\"@type\":\"EntryPoint\",\"urlTemplate\":\"https:\\\/\\\/180surcampers.com\\\/es\\\/?s={search_term_string}\"},\"query-input\":{\"@type\":\"PropertyValueSpecification\",\"valueRequired\":true,\"valueName\":\"search_term_string\"}}],\"inLanguage\":\"es\"}]}<\/script>\n<!-- \/ Yoast SEO plugin. -->","yoast_head_json":{"title":"Blog - 180surcampers","robots":{"index":"index","follow":"follow","max-snippet":"max-snippet:-1","max-image-preview":"max-image-preview:large","max-video-preview":"max-video-preview:-1"},"canonical":"https:\/\/180surcampers.com\/es\/blog\/","og_locale":"es_ES","og_type":"article","og_title":"Blog - 180surcampers","og_description":"Blog","og_url":"https:\/\/180surcampers.com\/es\/blog\/","og_site_name":"180surcampers","article_modified_time":"2024-07-01T14:37:16+00:00","og_image":[{"url":"https:\/\/180surcampers.com\/es\/wp-content\/uploads\/2023\/02\/ondas.png","type":"","width":"","height":""}],"twitter_card":"summary_large_image","twitter_misc":{"Tiempo de lectura":"1 minuto"},"schema":{"@context":"https:\/\/schema.org","@graph":[{"@type":"WebPage","@id":"https:\/\/180surcampers.com\/es\/blog\/","url":"https:\/\/180surcampers.com\/es\/blog\/","name":"Blog - 180surcampers","isPartOf":{"@id":"https:\/\/180surcampers.com\/es\/#website"},"primaryImageOfPage":{"@id":"https:\/\/180surcampers.com\/es\/blog\/#primaryimage"},"image":{"@id":"https:\/\/180surcampers.com\/es\/blog\/#primaryimage"},"thumbnailUrl":"https:\/\/180surcampers.com\/es\/wp-content\/uploads\/2023\/02\/ondas.png","datePublished":"2024-06-28T22:34:19+00:00","dateModified":"2024-07-01T14:37:16+00:00","breadcrumb":{"@id":"https:\/\/180surcampers.com\/es\/blog\/#breadcrumb"},"inLanguage":"es","potentialAction":[{"@type":"ReadAction","target":["https:\/\/180surcampers.com\/es\/blog\/"]}]},{"@type":"ImageObject","inLanguage":"es","@id":"https:\/\/180surcampers.com\/es\/blog\/#primaryimage","url":"https:\/\/180surcampers.com\/es\/wp-content\/uploads\/2023\/02\/ondas.png","contentUrl":"https:\/\/180surcampers.com\/es\/wp-content\/uploads\/2023\/02\/ondas.png","width":1920,"height":274},{"@type":"BreadcrumbList","@id":"https:\/\/180surcampers.com\/es\/blog\/#breadcrumb","itemListElement":[{"@type":"ListItem","position":1,"name":"Home","item":"https:\/\/180surcampers.com\/es\/"},{"@type":"ListItem","position":2,"name":"Blog"}]},{"@type":"WebSite","@id":"https:\/\/180surcampers.com\/es\/#website","url":"https:\/\/180surcampers.com\/es\/","name":"180surcampers","description":"My WordPress Blog","potentialAction":[{"@type":"SearchAction","target":{"@type":"EntryPoint","urlTemplate":"https:\/\/180surcampers.com\/es\/?s={search_term_string}"},"query-input":{"@type":"PropertyValueSpecification","valueRequired":true,"valueName":"search_term_string"}}],"inLanguage":"es"}]}},"_links":{"self":[{"href":"https:\/\/180surcampers.com\/es\/wp-json\/wp\/v2\/pages\/4529","targetHints":{"allow":["GET"]}}],"collection":[{"href":"https:\/\/180surcampers.com\/es\/wp-json\/wp\/v2\/pages"}],"about":[{"href":"https:\/\/180surcampers.com\/es\/wp-json\/wp\/v2\/types\/page"}],"author":[{"embeddable":true,"href":"https:\/\/180surcampers.com\/es\/wp-json\/wp\/v2\/users\/1"}],"replies":[{"embeddable":true,"href":"https:\/\/180surcampers.com\/es\/wp-json\/wp\/v2\/comments?post=4529"}],"version-history":[{"count":7,"href":"https:\/\/180surcampers.com\/es\/wp-json\/wp\/v2\/pages\/4529\/revisions"}],"predecessor-version":[{"id":4536,"href":"https:\/\/180surcampers.com\/es\/wp-json\/wp\/v2\/pages\/4529\/revisions\/4536"}],"wp:attachment":[{"href":"https:\/\/180surcampers.com\/es\/wp-json\/wp\/v2\/media?parent=4529"}],"curies":[{"name":"wp","href":"https:\/\/api.w.org\/{rel}","templated":true}]}}