{"id":743,"date":"2022-10-03T15:24:32","date_gmt":"2022-10-03T15:24:32","guid":{"rendered":"https:\/\/180surcampers.com\/ES\/?page_id=743"},"modified":"2023-01-16T20:06:36","modified_gmt":"2023-01-16T20:06:36","slug":"rutas","status":"publish","type":"page","link":"https:\/\/180surcampers.com\/es\/rutas\/","title":{"rendered":"Rutas"},"content":{"rendered":"\t\t<div data-elementor-type=\"wp-page\" data-elementor-id=\"743\" class=\"elementor elementor-743\" data-elementor-settings=\"{&quot;ha_cmc_init_switcher&quot;:&quot;no&quot;}\" data-elementor-post-type=\"page\">\n\t\t\t\t\t\t<section class=\"elementor-section elementor-top-section elementor-element elementor-element-d0704db elementor-section-boxed elementor-section-height-default elementor-section-height-default\" data-id=\"d0704db\" data-element_type=\"section\" data-e-type=\"section\" data-settings=\"{&quot;jet_parallax_layout_list&quot;:[],&quot;_ha_eqh_enable&quot;:false}\">\n\t\t\t\t\t\t<div class=\"elementor-container elementor-column-gap-default\">\n\t\t\t\t\t<div class=\"elementor-column elementor-col-100 elementor-top-column elementor-element elementor-element-37cde7a\" data-id=\"37cde7a\" data-element_type=\"column\" data-e-type=\"column\">\n\t\t\t<div class=\"elementor-widget-wrap elementor-element-populated\">\n\t\t\t\t\t\t<div class=\"elementor-element elementor-element-dd501f5 elementor-widget elementor-widget-heading\" data-id=\"dd501f5\" data-element_type=\"widget\" data-e-type=\"widget\" data-widget_type=\"heading.default\">\n\t\t\t\t<div class=\"elementor-widget-container\">\n\t\t\t\t\t<h2 class=\"elementor-heading-title elementor-size-default\">Rutas!<\/h2>\t\t\t\t<\/div>\n\t\t\t\t<\/div>\n\t\t\t\t<div class=\"elementor-element elementor-element-cf7ac53 elementor-widget elementor-widget-text-editor\" data-id=\"cf7ac53\" data-element_type=\"widget\" data-e-type=\"widget\" data-widget_type=\"text-editor.default\">\n\t\t\t\t<div class=\"elementor-widget-container\">\n\t\t\t\t\t\t\t\t\t<p>En esta secci\u00f3n te presentamos tres posibles viajes para recorrer la ic\u00f3nica Carretera Austral.A lo largo del recorrido podr\u00e1s disfrutar de las inabarcables riquezas naturales que nos ofrecela Patagonia Chilena. Dependiendo de la cantidad de d\u00edasque tengas para viajar, podr\u00e1sabarcar diferentes zonas, ya sea haciendo un recorrido de ida y vuelta (desde y hasta PuertoVaras), o bien tomando tu camper en un lugar y dejandolo en otro (de Norte a Sur o viceversa).<\/p>\t\t\t\t\t\t\t\t<\/div>\n\t\t\t\t<\/div>\n\t\t\t\t<div class=\"elementor-element elementor-element-f3ebaae elementor-grid-3 elementor-grid-tablet-2 elementor-grid-mobile-1 elementor-posts--thumbnail-top elementor-card-shadow-yes elementor-posts__hover-gradient elementor-widget elementor-widget-posts\" data-id=\"f3ebaae\" data-element_type=\"widget\" data-e-type=\"widget\" data-settings=\"{&quot;cards_columns&quot;:&quot;3&quot;,&quot;cards_columns_tablet&quot;:&quot;2&quot;,&quot;cards_columns_mobile&quot;:&quot;1&quot;,&quot;cards_row_gap&quot;:{&quot;unit&quot;:&quot;px&quot;,&quot;size&quot;:35,&quot;sizes&quot;:[]},&quot;cards_row_gap_tablet&quot;:{&quot;unit&quot;:&quot;px&quot;,&quot;size&quot;:&quot;&quot;,&quot;sizes&quot;:[]},&quot;cards_row_gap_mobile&quot;:{&quot;unit&quot;:&quot;px&quot;,&quot;size&quot;:&quot;&quot;,&quot;sizes&quot;:[]}}\" data-widget_type=\"posts.cards\">\n\t\t\t\t<div class=\"elementor-widget-container\">\n\t\t\t\t\t\t\t<div class=\"elementor-posts-container elementor-posts elementor-posts--skin-cards elementor-grid\" role=\"list\">\n\t\t\t\t<article class=\"elementor-post elementor-grid-item post-768 post type-post status-publish format-standard has-post-thumbnail hentry category-10-a-15-dias\" role=\"listitem\">\n\t\t\t<div class=\"elementor-post__card\">\n\t\t\t\t<a class=\"elementor-post__thumbnail__link\" href=\"https:\/\/180surcampers.com\/es\/10-a-15-dias\/patagonia\/\" tabindex=\"-1\" ><div class=\"elementor-post__thumbnail\"><img fetchpriority=\"high\" decoding=\"async\" width=\"700\" height=\"500\" src=\"https:\/\/180surcampers.com\/es\/wp-content\/uploads\/2022\/10\/SYidNCos.jpeg\" class=\"attachment-large size-large wp-image-3069\" alt=\"\" srcset=\"https:\/\/180surcampers.com\/es\/wp-content\/uploads\/2022\/10\/SYidNCos.jpeg 700w, https:\/\/180surcampers.com\/es\/wp-content\/uploads\/2022\/10\/SYidNCos-300x214.jpeg 300w\" sizes=\"(max-width: 700px) 100vw, 700px\" \/><\/div><\/a>\n\t\t\t\t<div class=\"elementor-post__badge\">10 a 15 d\u00edas<\/div>\n\t\t\t\t<div class=\"elementor-post__text\">\n\t\t\t\t<h3 class=\"elementor-post__title\">\n\t\t\t<a href=\"https:\/\/180surcampers.com\/es\/10-a-15-dias\/patagonia\/\" >\n\t\t\t\tCarretera Austral\t\t\t<\/a>\n\t\t<\/h3>\n\t\t\t\t<div class=\"elementor-post__excerpt\">\n\t\t\t<p>Recomendado para viajes de hasta 15 d\u00edas, este itinerario te llevar\u00e1 a explorar la zona norte de la Patagonia Chilena a trav\u00e9s de nuestra ic\u00f3nica Carretera Austral. El viaje recorre caminos rodeados de tupidos bosques, glaciares, r\u00edos<br \/>\ny lagos, muchos de ellos protegidos por reservas y parques nacionales.<\/p>\n\t\t<\/div>\n\t\t\n\t\t<a class=\"elementor-post__read-more\" href=\"https:\/\/180surcampers.com\/es\/10-a-15-dias\/patagonia\/\" aria-label=\"M\u00e1s informaci\u00f3n sobre Carretera Austral\" tabindex=\"-1\" >\n\t\t\tLeer m\u00e1s \u00bb\t\t<\/a>\n\n\t\t\t\t<\/div>\n\t\t\t\t<div class=\"elementor-post__meta-data\">\n\t\t\t\t\t<span class=\"elementor-post-date\">\n\t\t\toctubre 3, 2022\t\t<\/span>\n\t\t\t\t<span class=\"elementor-post-avatar\">\n\t\t\tNo hay comentarios\t\t<\/span>\n\t\t\t\t<\/div>\n\t\t\t\t\t<\/div>\n\t\t<\/article>\n\t\t\t\t<article class=\"elementor-post elementor-grid-item post-3185 post type-post status-publish format-standard has-post-thumbnail hentry category-15-a-30-dias\" role=\"listitem\">\n\t\t\t<div class=\"elementor-post__card\">\n\t\t\t\t<a class=\"elementor-post__thumbnail__link\" href=\"https:\/\/180surcampers.com\/es\/15-a-30-dias\/carretera-austral-complete\/\" tabindex=\"-1\" ><div class=\"elementor-post__thumbnail\"><img decoding=\"async\" width=\"700\" height=\"500\" src=\"https:\/\/180surcampers.com\/es\/wp-content\/uploads\/2023\/01\/XZKMbkdU.jpeg\" class=\"attachment-large size-large wp-image-3188\" alt=\"\" srcset=\"https:\/\/180surcampers.com\/es\/wp-content\/uploads\/2023\/01\/XZKMbkdU.jpeg 700w, https:\/\/180surcampers.com\/es\/wp-content\/uploads\/2023\/01\/XZKMbkdU-300x214.jpeg 300w\" sizes=\"(max-width: 700px) 100vw, 700px\" \/><\/div><\/a>\n\t\t\t\t<div class=\"elementor-post__badge\">15 a 30 d\u00edas<\/div>\n\t\t\t\t<div class=\"elementor-post__text\">\n\t\t\t\t<h3 class=\"elementor-post__title\">\n\t\t\t<a href=\"https:\/\/180surcampers.com\/es\/15-a-30-dias\/carretera-austral-complete\/\" >\n\t\t\t\tCarretera Austral Complete\t\t\t<\/a>\n\t\t<\/h3>\n\t\t\t\t<div class=\"elementor-post__excerpt\">\n\t\t\t<p>Si tienes m\u00e1s d\u00edas disponibles para viajar, vale la pena realizar el viaje completo de la Carretera Austral, recorriendo hasta su \u00faltimo kil\u00f3metro en Villa O\u2019Higgins. As\u00ed, es posible complementar la zona norte de la Carretera Austral con los increibles paisajes que entrega la pampa patag\u00f3nica, sus caudalosos r\u00edos y rocosas monta\u00f1as esculpidas por el viento.<\/p>\n\t\t<\/div>\n\t\t\n\t\t<a class=\"elementor-post__read-more\" href=\"https:\/\/180surcampers.com\/es\/15-a-30-dias\/carretera-austral-complete\/\" aria-label=\"M\u00e1s informaci\u00f3n sobre Carretera Austral Complete\" tabindex=\"-1\" >\n\t\t\tLeer m\u00e1s \u00bb\t\t<\/a>\n\n\t\t\t\t<\/div>\n\t\t\t\t<div class=\"elementor-post__meta-data\">\n\t\t\t\t\t<span class=\"elementor-post-date\">\n\t\t\tenero 6, 2023\t\t<\/span>\n\t\t\t\t<span class=\"elementor-post-avatar\">\n\t\t\tNo hay comentarios\t\t<\/span>\n\t\t\t\t<\/div>\n\t\t\t\t\t<\/div>\n\t\t<\/article>\n\t\t\t\t<article class=\"elementor-post elementor-grid-item post-3241 post type-post status-publish format-standard has-post-thumbnail hentry category-30-dias\" role=\"listitem\">\n\t\t\t<div class=\"elementor-post__card\">\n\t\t\t\t<a class=\"elementor-post__thumbnail__link\" href=\"https:\/\/180surcampers.com\/es\/30-dias\/carretera-austral-y-magallanes\/\" tabindex=\"-1\" ><div class=\"elementor-post__thumbnail\"><img decoding=\"async\" width=\"700\" height=\"500\" src=\"https:\/\/180surcampers.com\/es\/wp-content\/uploads\/2023\/01\/Ruta-3-portada.jpg\" class=\"attachment-large size-large wp-image-3242\" alt=\"\" srcset=\"https:\/\/180surcampers.com\/es\/wp-content\/uploads\/2023\/01\/Ruta-3-portada.jpg 700w, https:\/\/180surcampers.com\/es\/wp-content\/uploads\/2023\/01\/Ruta-3-portada-300x214.jpg 300w\" sizes=\"(max-width: 700px) 100vw, 700px\" \/><\/div><\/a>\n\t\t\t\t<div class=\"elementor-post__badge\">30+ d\u00edas<\/div>\n\t\t\t\t<div class=\"elementor-post__text\">\n\t\t\t\t<h3 class=\"elementor-post__title\">\n\t\t\t<a href=\"https:\/\/180surcampers.com\/es\/30-dias\/carretera-austral-y-magallanes\/\" >\n\t\t\t\tCarretera Austral y Magallanes\t\t\t<\/a>\n\t\t<\/h3>\n\t\t\t\t<div class=\"elementor-post__excerpt\">\n\t\t\t<p>Si tienes la suerte de viajar por un mes o m\u00e1s, te recomendamos complementar las ya mencionadas rutas de la Carretera Austral con una experiencia de navegaci\u00f3n inolvidable a trav\u00e9s de los fiordos patag\u00f3nicos para luego recorrer en camper la regi\u00f3n de Magallanes y su<br \/>\nextraordinario Parque Nacional Torres del Paine. Si a\u00fan tienes tiempo suficiente, entonces atr\u00e9vete a cruzar a Tierra del Fuego para aventurarte en la regi\u00f3n m\u00e1s austral del continente y descubre el increible Parque Karukinka.<\/p>\n\t\t<\/div>\n\t\t\n\t\t<a class=\"elementor-post__read-more\" href=\"https:\/\/180surcampers.com\/es\/30-dias\/carretera-austral-y-magallanes\/\" aria-label=\"M\u00e1s informaci\u00f3n sobre Carretera Austral y Magallanes\" tabindex=\"-1\" >\n\t\t\tLeer m\u00e1s \u00bb\t\t<\/a>\n\n\t\t\t\t<\/div>\n\t\t\t\t<div class=\"elementor-post__meta-data\">\n\t\t\t\t\t<span class=\"elementor-post-date\">\n\t\t\tenero 6, 2023\t\t<\/span>\n\t\t\t\t<span class=\"elementor-post-avatar\">\n\t\t\tNo hay comentarios\t\t<\/span>\n\t\t\t\t<\/div>\n\t\t\t\t\t<\/div>\n\t\t<\/article>\n\t\t\t\t<article class=\"elementor-post elementor-grid-item post-4537 post type-post status-publish format-standard has-post-thumbnail hentry category-blog\" role=\"listitem\">\n\t\t\t<div class=\"elementor-post__card\">\n\t\t\t\t<a class=\"elementor-post__thumbnail__link\" href=\"https:\/\/180surcampers.com\/es\/blog\/los-mejores-lugares-para-esquiar-en-chile-una-aventura-en-los-andes\/\" tabindex=\"-1\" ><div class=\"elementor-post__thumbnail\"><img loading=\"lazy\" decoding=\"async\" width=\"800\" height=\"449\" src=\"https:\/\/180surcampers.com\/es\/wp-content\/uploads\/2024\/06\/Fotos-a-taman\u2560ao-BLOG-180_Mesa-de-trabajo-1-1024x575.png\" class=\"attachment-large size-large wp-image-4538\" alt=\"\" srcset=\"https:\/\/180surcampers.com\/es\/wp-content\/uploads\/2024\/06\/Fotos-a-taman\u2560ao-BLOG-180_Mesa-de-trabajo-1-1024x575.png 1024w, https:\/\/180surcampers.com\/es\/wp-content\/uploads\/2024\/06\/Fotos-a-taman\u2560ao-BLOG-180_Mesa-de-trabajo-1-300x168.png 300w, https:\/\/180surcampers.com\/es\/wp-content\/uploads\/2024\/06\/Fotos-a-taman\u2560ao-BLOG-180_Mesa-de-trabajo-1-768x431.png 768w, https:\/\/180surcampers.com\/es\/wp-content\/uploads\/2024\/06\/Fotos-a-taman\u2560ao-BLOG-180_Mesa-de-trabajo-1-1536x863.png 1536w, https:\/\/180surcampers.com\/es\/wp-content\/uploads\/2024\/06\/Fotos-a-taman\u2560ao-BLOG-180_Mesa-de-trabajo-1.png 1574w\" sizes=\"(max-width: 800px) 100vw, 800px\" \/><\/div><\/a>\n\t\t\t\t<div class=\"elementor-post__badge\">Blog<\/div>\n\t\t\t\t<div class=\"elementor-post__text\">\n\t\t\t\t<h3 class=\"elementor-post__title\">\n\t\t\t<a href=\"https:\/\/180surcampers.com\/es\/blog\/los-mejores-lugares-para-esquiar-en-chile-una-aventura-en-los-andes\/\" >\n\t\t\t\tLos Mejores Lugares para Esquiar en Chile: Una Aventura en los Andes\t\t\t<\/a>\n\t\t<\/h3>\n\t\t\t\t<div class=\"elementor-post__excerpt\">\n\t\t\t<p>Chile, con sus impresionantes monta\u00f1as de los Andes, es un para\u00edso para los entusiastas del esqu\u00ed, ofreciendo una variedad de lugares con calidad excepcional y f\u00e1cil conectividad. Descubre los mejores lugares divididos en tres regiones principales: Centro, Centro Sur y Patagonia Norte de Chile.<\/p>\n\t\t<\/div>\n\t\t\n\t\t<a class=\"elementor-post__read-more\" href=\"https:\/\/180surcampers.com\/es\/blog\/los-mejores-lugares-para-esquiar-en-chile-una-aventura-en-los-andes\/\" aria-label=\"M\u00e1s informaci\u00f3n sobre Los Mejores Lugares para Esquiar en Chile: Una Aventura en los Andes\" tabindex=\"-1\" >\n\t\t\tLeer m\u00e1s \u00bb\t\t<\/a>\n\n\t\t\t\t<\/div>\n\t\t\t\t<div class=\"elementor-post__meta-data\">\n\t\t\t\t\t<span class=\"elementor-post-date\">\n\t\t\tjunio 28, 2024\t\t<\/span>\n\t\t\t\t<span class=\"elementor-post-avatar\">\n\t\t\tNo hay comentarios\t\t<\/span>\n\t\t\t\t<\/div>\n\t\t\t\t\t<\/div>\n\t\t<\/article>\n\t\t\t\t<\/div>\n\t\t\n\t\t\t\t\t\t<\/div>\n\t\t\t\t<\/div>\n\t\t\t\t\t<\/div>\n\t\t<\/div>\n\t\t\t\t\t<\/div>\n\t\t<\/section>\n\t\t\t\t<\/div>\n\t\t","protected":false},"excerpt":{"rendered":"<p>Rutas! En esta secci\u00f3n te presentamos tres posibles viajes para recorrer la ic\u00f3nica Carretera Austral.A lo largo del recorrido podr\u00e1s disfrutar de las inabarcables riquezas naturales que nos ofrecela Patagonia Chilena. Dependiendo de la cantidad de d\u00edasque tengas para viajar, podr\u00e1sabarcar diferentes zonas, ya sea haciendo un recorrido de ida y vuelta (desde y hasta [&hellip;]<\/p>\n","protected":false},"author":1,"featured_media":0,"parent":0,"menu_order":0,"comment_status":"closed","ping_status":"closed","template":"elementor_header_footer","meta":{"footnotes":""},"class_list":["post-743","page","type-page","status-publish","hentry"],"yoast_head":"<!-- This site is optimized with the Yoast SEO plugin v27.3 - https:\/\/yoast.com\/product\/yoast-seo-wordpress\/ -->\n<title>Rutas - 180surcampers<\/title>\n<meta name=\"robots\" content=\"index, follow, max-snippet:-1, max-image-preview:large, max-video-preview:-1\" \/>\n<link rel=\"canonical\" href=\"https:\/\/180surcampers.com\/es\/rutas\/\" \/>\n<meta property=\"og:locale\" content=\"es_ES\" \/>\n<meta property=\"og:type\" content=\"article\" \/>\n<meta property=\"og:title\" content=\"Rutas - 180surcampers\" \/>\n<meta property=\"og:description\" content=\"Rutas! En esta secci\u00f3n te presentamos tres posibles viajes para recorrer la ic\u00f3nica Carretera Austral.A lo largo del recorrido podr\u00e1s disfrutar de las inabarcables riquezas naturales que nos ofrecela Patagonia Chilena. Dependiendo de la cantidad de d\u00edasque tengas para viajar, podr\u00e1sabarcar diferentes zonas, ya sea haciendo un recorrido de ida y vuelta (desde y hasta [&hellip;]\" \/>\n<meta property=\"og:url\" content=\"https:\/\/180surcampers.com\/es\/rutas\/\" \/>\n<meta property=\"og:site_name\" content=\"180surcampers\" \/>\n<meta property=\"article:modified_time\" content=\"2023-01-16T20:06:36+00:00\" \/>\n<meta name=\"twitter:card\" content=\"summary_large_image\" \/>\n<meta name=\"twitter:label1\" content=\"Tiempo de lectura\" \/>\n\t<meta name=\"twitter:data1\" content=\"2 minutos\" \/>\n<script type=\"application\/ld+json\" class=\"yoast-schema-graph\">{\"@context\":\"https:\\\/\\\/schema.org\",\"@graph\":[{\"@type\":\"WebPage\",\"@id\":\"https:\\\/\\\/180surcampers.com\\\/es\\\/rutas\\\/\",\"url\":\"https:\\\/\\\/180surcampers.com\\\/es\\\/rutas\\\/\",\"name\":\"Rutas - 180surcampers\",\"isPartOf\":{\"@id\":\"https:\\\/\\\/180surcampers.com\\\/es\\\/#website\"},\"datePublished\":\"2022-10-03T15:24:32+00:00\",\"dateModified\":\"2023-01-16T20:06:36+00:00\",\"breadcrumb\":{\"@id\":\"https:\\\/\\\/180surcampers.com\\\/es\\\/rutas\\\/#breadcrumb\"},\"inLanguage\":\"es\",\"potentialAction\":[{\"@type\":\"ReadAction\",\"target\":[\"https:\\\/\\\/180surcampers.com\\\/es\\\/rutas\\\/\"]}]},{\"@type\":\"BreadcrumbList\",\"@id\":\"https:\\\/\\\/180surcampers.com\\\/es\\\/rutas\\\/#breadcrumb\",\"itemListElement\":[{\"@type\":\"ListItem\",\"position\":1,\"name\":\"Home\",\"item\":\"https:\\\/\\\/180surcampers.com\\\/es\\\/\"},{\"@type\":\"ListItem\",\"position\":2,\"name\":\"Rutas\"}]},{\"@type\":\"WebSite\",\"@id\":\"https:\\\/\\\/180surcampers.com\\\/es\\\/#website\",\"url\":\"https:\\\/\\\/180surcampers.com\\\/es\\\/\",\"name\":\"180surcampers\",\"description\":\"My WordPress Blog\",\"potentialAction\":[{\"@type\":\"SearchAction\",\"target\":{\"@type\":\"EntryPoint\",\"urlTemplate\":\"https:\\\/\\\/180surcampers.com\\\/es\\\/?s={search_term_string}\"},\"query-input\":{\"@type\":\"PropertyValueSpecification\",\"valueRequired\":true,\"valueName\":\"search_term_string\"}}],\"inLanguage\":\"es\"}]}<\/script>\n<!-- \/ Yoast SEO plugin. -->","yoast_head_json":{"title":"Rutas - 180surcampers","robots":{"index":"index","follow":"follow","max-snippet":"max-snippet:-1","max-image-preview":"max-image-preview:large","max-video-preview":"max-video-preview:-1"},"canonical":"https:\/\/180surcampers.com\/es\/rutas\/","og_locale":"es_ES","og_type":"article","og_title":"Rutas - 180surcampers","og_description":"Rutas! En esta secci\u00f3n te presentamos tres posibles viajes para recorrer la ic\u00f3nica Carretera Austral.A lo largo del recorrido podr\u00e1s disfrutar de las inabarcables riquezas naturales que nos ofrecela Patagonia Chilena. Dependiendo de la cantidad de d\u00edasque tengas para viajar, podr\u00e1sabarcar diferentes zonas, ya sea haciendo un recorrido de ida y vuelta (desde y hasta [&hellip;]","og_url":"https:\/\/180surcampers.com\/es\/rutas\/","og_site_name":"180surcampers","article_modified_time":"2023-01-16T20:06:36+00:00","twitter_card":"summary_large_image","twitter_misc":{"Tiempo de lectura":"2 minutos"},"schema":{"@context":"https:\/\/schema.org","@graph":[{"@type":"WebPage","@id":"https:\/\/180surcampers.com\/es\/rutas\/","url":"https:\/\/180surcampers.com\/es\/rutas\/","name":"Rutas - 180surcampers","isPartOf":{"@id":"https:\/\/180surcampers.com\/es\/#website"},"datePublished":"2022-10-03T15:24:32+00:00","dateModified":"2023-01-16T20:06:36+00:00","breadcrumb":{"@id":"https:\/\/180surcampers.com\/es\/rutas\/#breadcrumb"},"inLanguage":"es","potentialAction":[{"@type":"ReadAction","target":["https:\/\/180surcampers.com\/es\/rutas\/"]}]},{"@type":"BreadcrumbList","@id":"https:\/\/180surcampers.com\/es\/rutas\/#breadcrumb","itemListElement":[{"@type":"ListItem","position":1,"name":"Home","item":"https:\/\/180surcampers.com\/es\/"},{"@type":"ListItem","position":2,"name":"Rutas"}]},{"@type":"WebSite","@id":"https:\/\/180surcampers.com\/es\/#website","url":"https:\/\/180surcampers.com\/es\/","name":"180surcampers","description":"My WordPress Blog","potentialAction":[{"@type":"SearchAction","target":{"@type":"EntryPoint","urlTemplate":"https:\/\/180surcampers.com\/es\/?s={search_term_string}"},"query-input":{"@type":"PropertyValueSpecification","valueRequired":true,"valueName":"search_term_string"}}],"inLanguage":"es"}]}},"_links":{"self":[{"href":"https:\/\/180surcampers.com\/es\/wp-json\/wp\/v2\/pages\/743","targetHints":{"allow":["GET"]}}],"collection":[{"href":"https:\/\/180surcampers.com\/es\/wp-json\/wp\/v2\/pages"}],"about":[{"href":"https:\/\/180surcampers.com\/es\/wp-json\/wp\/v2\/types\/page"}],"author":[{"embeddable":true,"href":"https:\/\/180surcampers.com\/es\/wp-json\/wp\/v2\/users\/1"}],"replies":[{"embeddable":true,"href":"https:\/\/180surcampers.com\/es\/wp-json\/wp\/v2\/comments?post=743"}],"version-history":[{"count":62,"href":"https:\/\/180surcampers.com\/es\/wp-json\/wp\/v2\/pages\/743\/revisions"}],"predecessor-version":[{"id":3582,"href":"https:\/\/180surcampers.com\/es\/wp-json\/wp\/v2\/pages\/743\/revisions\/3582"}],"wp:attachment":[{"href":"https:\/\/180surcampers.com\/es\/wp-json\/wp\/v2\/media?parent=743"}],"curies":[{"name":"wp","href":"https:\/\/api.w.org\/{rel}","templated":true}]}}