{"id":806,"date":"2022-10-03T20:06:08","date_gmt":"2022-10-03T20:06:08","guid":{"rendered":"https:\/\/180surcampers.com\/ES\/?page_id=806"},"modified":"2024-10-28T14:48:40","modified_gmt":"2024-10-28T14:48:40","slug":"quienes-somos","status":"publish","type":"page","link":"https:\/\/180surcampers.com\/es\/quienes-somos\/","title":{"rendered":"Qui\u00e9nes somos"},"content":{"rendered":"\t\t<div data-elementor-type=\"wp-page\" data-elementor-id=\"806\" class=\"elementor elementor-806\" data-elementor-settings=\"{&quot;ha_cmc_init_switcher&quot;:&quot;no&quot;}\" data-elementor-post-type=\"page\">\n\t\t\t\t\t\t<section class=\"elementor-section elementor-top-section elementor-element elementor-element-179a01e elementor-section-height-min-height elementor-section-boxed elementor-section-height-default elementor-section-items-middle\" data-id=\"179a01e\" data-element_type=\"section\" data-e-type=\"section\" data-settings=\"{&quot;jet_parallax_layout_list&quot;:[],&quot;background_background&quot;:&quot;classic&quot;,&quot;_ha_eqh_enable&quot;:false}\">\n\t\t\t\t\t\t\t<div class=\"elementor-background-overlay\"><\/div>\n\t\t\t\t\t\t\t<div class=\"elementor-container elementor-column-gap-default\">\n\t\t\t\t\t<div class=\"elementor-column elementor-col-100 elementor-top-column elementor-element elementor-element-14e1471\" data-id=\"14e1471\" data-element_type=\"column\" data-e-type=\"column\">\n\t\t\t<div class=\"elementor-widget-wrap elementor-element-populated\">\n\t\t\t\t\t\t<div class=\"elementor-element elementor-element-3a580e7 elementor-widget elementor-widget-heading\" data-id=\"3a580e7\" data-element_type=\"widget\" data-e-type=\"widget\" data-widget_type=\"heading.default\">\n\t\t\t\t<div class=\"elementor-widget-container\">\n\t\t\t\t\t<h2 class=\"elementor-heading-title elementor-size-default\">Sobre 180 Sur<\/h2>\t\t\t\t<\/div>\n\t\t\t\t<\/div>\n\t\t\t\t<div class=\"elementor-element elementor-element-a22fd71 elementor-widget elementor-widget-heading\" data-id=\"a22fd71\" data-element_type=\"widget\" data-e-type=\"widget\" data-widget_type=\"heading.default\">\n\t\t\t\t<div class=\"elementor-widget-container\">\n\t\t\t\t\t<h2 class=\"elementor-heading-title elementor-size-default\">Qui\u00e9nes somos<\/h2>\t\t\t\t<\/div>\n\t\t\t\t<\/div>\n\t\t\t\t\t<\/div>\n\t\t<\/div>\n\t\t\t\t\t<\/div>\n\t\t<\/section>\n\t\t\t\t<section class=\"elementor-section elementor-top-section elementor-element elementor-element-d9ea541 elementor-section-boxed elementor-section-height-default elementor-section-height-default\" data-id=\"d9ea541\" data-element_type=\"section\" data-e-type=\"section\" data-settings=\"{&quot;jet_parallax_layout_list&quot;:[],&quot;_ha_eqh_enable&quot;:false}\">\n\t\t\t\t\t\t<div class=\"elementor-container elementor-column-gap-default\">\n\t\t\t\t\t<div class=\"elementor-column elementor-col-100 elementor-top-column elementor-element elementor-element-9757cc0\" data-id=\"9757cc0\" data-element_type=\"column\" data-e-type=\"column\">\n\t\t\t<div class=\"elementor-widget-wrap elementor-element-populated\">\n\t\t\t\t\t\t<div class=\"elementor-element elementor-element-4250041 elementor-widget elementor-widget-heading\" data-id=\"4250041\" data-element_type=\"widget\" data-e-type=\"widget\" data-widget_type=\"heading.default\">\n\t\t\t\t<div class=\"elementor-widget-container\">\n\t\t\t\t\t<h2 class=\"elementor-heading-title elementor-size-default\">QUI\u00c9NES SOMOS\n<\/h2>\t\t\t\t<\/div>\n\t\t\t\t<\/div>\n\t\t\t\t<div class=\"elementor-element elementor-element-902f7a8 elementor-widget elementor-widget-text-editor\" data-id=\"902f7a8\" data-element_type=\"widget\" data-e-type=\"widget\" data-widget_type=\"text-editor.default\">\n\t\t\t\t<div class=\"elementor-widget-container\">\n\t\t\t\t\t\t\t\t\t<div><div><div><div><p><i>La naturaleza en nuestra regi\u00f3n es de las m\u00e1s impresionantes del mundo. El que m\u00e1s y m\u00e1s gente la experimente en sus formas m\u00e1s profundas, le cambia la vida a esos que la viven y ayuda a su preservaci\u00f3n. En 180 Sur queremos facilitar que eso ocurra.<\/i><\/p><\/div><\/div><\/div><\/div><div><div><div><div><div><p><i>Comenzamos como dos hermanos -Jos\u00e9 Manuel y Guillermo Salinas- que quer\u00edamos aprovechar nuestra experiencia en grandes industrias para ponerla al servicio de un proyecto que le permitiera a chilenos y extranjeros adentrarse de una manera \u00fanica y libre en nuestra tierra y su gente, tal como nosotros lo hicimos innumerables veces desde que \u00e9ramos ni\u00f1os, por toda Sudam\u00e9rica.<\/i><\/p><p><i>Hoy somos un grupo un poco m\u00e1s grande, pero con el mismo entusiasmo por las monta\u00f1as, desiertos y mares que nos rodean y hacen de este lejano territorio, una de las regiones m\u00e1s aventureras y entretenidas de explorar. Y nos hemos unido con la convicci\u00f3n de entregar de manera profesional y con excelencia las herramientas que los viajeros necesitan para sus aventuras so\u00f1adas<\/i><\/p><p><i>\u00a1Te invitamos a desarrollar tu esp\u00edritu aventurero, y a explorar de la manera 180 Sur Campers!<\/i><\/p><\/div><\/div><\/div><\/div><\/div>\t\t\t\t\t\t\t\t<\/div>\n\t\t\t\t<\/div>\n\t\t\t\t<div class=\"elementor-element elementor-element-993d553 elementor-hidden-desktop elementor-hidden-tablet elementor-hidden-mobile elementor-widget elementor-widget-text-editor\" data-id=\"993d553\" data-element_type=\"widget\" data-e-type=\"widget\" data-widget_type=\"text-editor.default\">\n\t\t\t\t<div class=\"elementor-widget-container\">\n\t\t\t\t\t\t\t\t\t<div id=\"pageContainer1\" class=\"_page_1gl8y_100 \" data-index=\"0\">\n<div class=\"_linksLayer_1gl8y_42\">Somos dos hermanos, Guillermo y Jos\u00e9 Salinas y siempre hemos disfrutado del contacto con la naturaleza y de los viajes que permiten explorarla a un ritmo diferente al que vivimos el d\u00eda a d\u00eda.<\/div>\n<div class=\"_linksLayer_1gl8y_42\"><br><\/div>\n<div class=\"_linksLayer_1gl8y_42\">Cuando ni\u00f1os, hicimos muchos viajes en auto con nuestros padres, recorriendo diferentes regiones del pa\u00eds y el continente. Un poco m\u00e1s grandes recorrimos diferentes zonas de Chile en bicicleta y carpa, donde lo m\u00e1s valioso siempre era la combinaci\u00f3n del paisaje, la rutina simple y la buena compa\u00f1\u00eda. Luego, vinieron paseos en moto y viajes en camper y motorhome.<\/div>\n<div class=\"_linksLayer_1gl8y_42\"><br><\/div>\n<div class=\"_linksLayer_1gl8y_42\">Durante a\u00f1os, ambos tuvimos puestos de trabajo tradicionales (aerol\u00ednea, generadora el\u00e9ctrica, automotora, banco y banco central), hasta que decidimos iniciar este proyecto. Lo quisimos hacer como una empresa familiar, porque ha sido ese el espacio que nos ha incitado desde ni\u00f1os a la aventura. Sin embargo, tenemos la convicci\u00f3n de que la profesionalizaci\u00f3n es lo que nos permitir\u00e1 un negocio serio, sostenible y creciente.<\/div>\n<div class=\"_linksLayer_1gl8y_42\"><br>Cuando salimos a buscar financiamiento para la flota ya \u00e9ramos tres los Salinas entusiasmados: se nos uni\u00f3 nuestro padre, Jos\u00e9, ingeniero, quien nos traspas\u00f3 desde siempre el gusto por el aire libre. Junto a \u00e9l se nos uni\u00f3 Pablo Guarda, tambi\u00e9n ingeniero, quien aporta a la empresa con a\u00f1os de experiencia en hoteler\u00eda del m\u00e1s alto est\u00e1ndar en los australes rincones de la Patagonia Chilena.<\/div>\n<div class=\"_linksLayer_1gl8y_42\"><br>Recientemente, se incorpor\u00f3 tambi\u00e9n Vicente Correa, que con un impetu y pasi\u00f3n por vivir<br>al m\u00e1ximo la naturaleza de nuestro pa\u00eds, nos ayuda comandando la operaci\u00f3n de la empresa.<\/div>\n<div class=\"_linksLayer_1gl8y_42\"><br>Estamos convencidos de que recorrer Chile es una gran experiencia. Por la gran riqueza y<br>variedad de paisajes con a\u00fan escasa intervenci\u00f3n humana, con la cordillera de los andes y el oc\u00e9ano pac\u00edfico acompa\u00f1\u00e1ndonos a lo largo de nuestros m\u00e1s de 4.000 kms de norte a<br>sur. Y que hacerlo en uno de nuestros campers 4&#215;4 es la mejor forma de viajar en familia,<br>con amigos o incluso solos.<\/div>\n<div class=\"_linksLayer_1gl8y_42\"><br>Nuestro objetivo es entregar un servicio confiable, seguro y de calidad. Buscamos ser el medio que te permita vivir una experiencia inolvidable y sin contratiempos. Para lograr esto, creemos firmemente que nuestra empresa debe ser profesional en todos sus procesos y niveles, por lo que nuestras decisiones siempre se enfocan desde ese punto de vista.<\/div>\n<div class=\"_linksLayer_1gl8y_42\"><br>Te invitamos a vivir el viaje de tus sue\u00f1os, lleno de momentos 180 Sur.&nbsp;<\/div>\n<\/div>\t\t\t\t\t\t\t\t<\/div>\n\t\t\t\t<\/div>\n\t\t\t\t\t<\/div>\n\t\t<\/div>\n\t\t\t\t\t<\/div>\n\t\t<\/section>\n\t\t\t\t<section class=\"elementor-section elementor-top-section elementor-element elementor-element-5c19a95 elementor-section-full_width elementor-section-height-default elementor-section-height-default\" data-id=\"5c19a95\" data-element_type=\"section\" data-e-type=\"section\" data-settings=\"{&quot;jet_parallax_layout_list&quot;:[],&quot;background_background&quot;:&quot;classic&quot;,&quot;_ha_eqh_enable&quot;:false}\">\n\t\t\t\t\t\t<div class=\"elementor-container elementor-column-gap-default\">\n\t\t\t\t\t<div class=\"elementor-column elementor-col-100 elementor-top-column elementor-element elementor-element-b0b6ab9\" data-id=\"b0b6ab9\" data-element_type=\"column\" data-e-type=\"column\">\n\t\t\t<div class=\"elementor-widget-wrap elementor-element-populated\">\n\t\t\t\t\t\t<div class=\"elementor-element elementor-element-d708f67 elementor-widget elementor-widget-spacer\" data-id=\"d708f67\" data-element_type=\"widget\" data-e-type=\"widget\" data-widget_type=\"spacer.default\">\n\t\t\t\t<div class=\"elementor-widget-container\">\n\t\t\t\t\t\t\t<div class=\"elementor-spacer\">\n\t\t\t<div class=\"elementor-spacer-inner\"><\/div>\n\t\t<\/div>\n\t\t\t\t\t\t<\/div>\n\t\t\t\t<\/div>\n\t\t\t\t\t<\/div>\n\t\t<\/div>\n\t\t\t\t\t<\/div>\n\t\t<\/section>\n\t\t\t\t<\/div>\n\t\t","protected":false},"excerpt":{"rendered":"<p>Sobre 180 Sur Qui\u00e9nes somos QUI\u00c9NES SOMOS La naturaleza en nuestra regi\u00f3n es de las m\u00e1s impresionantes del mundo. El que m\u00e1s y m\u00e1s gente la experimente en sus formas m\u00e1s profundas, le cambia la vida a esos que la viven y ayuda a su preservaci\u00f3n. En 180 Sur queremos facilitar que eso ocurra. Comenzamos [&hellip;]<\/p>\n","protected":false},"author":1,"featured_media":0,"parent":0,"menu_order":0,"comment_status":"closed","ping_status":"closed","template":"elementor_header_footer","meta":{"footnotes":""},"class_list":["post-806","page","type-page","status-publish","hentry"],"yoast_head":"<!-- This site is optimized with the Yoast SEO plugin v27.3 - https:\/\/yoast.com\/product\/yoast-seo-wordpress\/ -->\n<title>Qui\u00e9nes somos - 180surcampers<\/title>\n<meta name=\"robots\" content=\"index, follow, max-snippet:-1, max-image-preview:large, max-video-preview:-1\" \/>\n<link rel=\"canonical\" href=\"https:\/\/180surcampers.com\/es\/quienes-somos\/\" \/>\n<meta property=\"og:locale\" content=\"es_ES\" \/>\n<meta property=\"og:type\" content=\"article\" \/>\n<meta property=\"og:title\" content=\"Qui\u00e9nes somos - 180surcampers\" \/>\n<meta property=\"og:description\" content=\"Sobre 180 Sur Qui\u00e9nes somos QUI\u00c9NES SOMOS La naturaleza en nuestra regi\u00f3n es de las m\u00e1s impresionantes del mundo. El que m\u00e1s y m\u00e1s gente la experimente en sus formas m\u00e1s profundas, le cambia la vida a esos que la viven y ayuda a su preservaci\u00f3n. En 180 Sur queremos facilitar que eso ocurra. Comenzamos [&hellip;]\" \/>\n<meta property=\"og:url\" content=\"https:\/\/180surcampers.com\/es\/quienes-somos\/\" \/>\n<meta property=\"og:site_name\" content=\"180surcampers\" \/>\n<meta property=\"article:modified_time\" content=\"2024-10-28T14:48:40+00:00\" \/>\n<meta name=\"twitter:card\" content=\"summary_large_image\" \/>\n<meta name=\"twitter:label1\" content=\"Tiempo de lectura\" \/>\n\t<meta name=\"twitter:data1\" content=\"3 minutos\" \/>\n<script type=\"application\/ld+json\" class=\"yoast-schema-graph\">{\"@context\":\"https:\\\/\\\/schema.org\",\"@graph\":[{\"@type\":\"WebPage\",\"@id\":\"https:\\\/\\\/180surcampers.com\\\/es\\\/quienes-somos\\\/\",\"url\":\"https:\\\/\\\/180surcampers.com\\\/es\\\/quienes-somos\\\/\",\"name\":\"Qui\u00e9nes somos - 180surcampers\",\"isPartOf\":{\"@id\":\"https:\\\/\\\/180surcampers.com\\\/es\\\/#website\"},\"datePublished\":\"2022-10-03T20:06:08+00:00\",\"dateModified\":\"2024-10-28T14:48:40+00:00\",\"breadcrumb\":{\"@id\":\"https:\\\/\\\/180surcampers.com\\\/es\\\/quienes-somos\\\/#breadcrumb\"},\"inLanguage\":\"es\",\"potentialAction\":[{\"@type\":\"ReadAction\",\"target\":[\"https:\\\/\\\/180surcampers.com\\\/es\\\/quienes-somos\\\/\"]}]},{\"@type\":\"BreadcrumbList\",\"@id\":\"https:\\\/\\\/180surcampers.com\\\/es\\\/quienes-somos\\\/#breadcrumb\",\"itemListElement\":[{\"@type\":\"ListItem\",\"position\":1,\"name\":\"Home\",\"item\":\"https:\\\/\\\/180surcampers.com\\\/es\\\/\"},{\"@type\":\"ListItem\",\"position\":2,\"name\":\"Qui\u00e9nes somos\"}]},{\"@type\":\"WebSite\",\"@id\":\"https:\\\/\\\/180surcampers.com\\\/es\\\/#website\",\"url\":\"https:\\\/\\\/180surcampers.com\\\/es\\\/\",\"name\":\"180surcampers\",\"description\":\"My WordPress Blog\",\"potentialAction\":[{\"@type\":\"SearchAction\",\"target\":{\"@type\":\"EntryPoint\",\"urlTemplate\":\"https:\\\/\\\/180surcampers.com\\\/es\\\/?s={search_term_string}\"},\"query-input\":{\"@type\":\"PropertyValueSpecification\",\"valueRequired\":true,\"valueName\":\"search_term_string\"}}],\"inLanguage\":\"es\"}]}<\/script>\n<!-- \/ Yoast SEO plugin. -->","yoast_head_json":{"title":"Qui\u00e9nes somos - 180surcampers","robots":{"index":"index","follow":"follow","max-snippet":"max-snippet:-1","max-image-preview":"max-image-preview:large","max-video-preview":"max-video-preview:-1"},"canonical":"https:\/\/180surcampers.com\/es\/quienes-somos\/","og_locale":"es_ES","og_type":"article","og_title":"Qui\u00e9nes somos - 180surcampers","og_description":"Sobre 180 Sur Qui\u00e9nes somos QUI\u00c9NES SOMOS La naturaleza en nuestra regi\u00f3n es de las m\u00e1s impresionantes del mundo. El que m\u00e1s y m\u00e1s gente la experimente en sus formas m\u00e1s profundas, le cambia la vida a esos que la viven y ayuda a su preservaci\u00f3n. En 180 Sur queremos facilitar que eso ocurra. Comenzamos [&hellip;]","og_url":"https:\/\/180surcampers.com\/es\/quienes-somos\/","og_site_name":"180surcampers","article_modified_time":"2024-10-28T14:48:40+00:00","twitter_card":"summary_large_image","twitter_misc":{"Tiempo de lectura":"3 minutos"},"schema":{"@context":"https:\/\/schema.org","@graph":[{"@type":"WebPage","@id":"https:\/\/180surcampers.com\/es\/quienes-somos\/","url":"https:\/\/180surcampers.com\/es\/quienes-somos\/","name":"Qui\u00e9nes somos - 180surcampers","isPartOf":{"@id":"https:\/\/180surcampers.com\/es\/#website"},"datePublished":"2022-10-03T20:06:08+00:00","dateModified":"2024-10-28T14:48:40+00:00","breadcrumb":{"@id":"https:\/\/180surcampers.com\/es\/quienes-somos\/#breadcrumb"},"inLanguage":"es","potentialAction":[{"@type":"ReadAction","target":["https:\/\/180surcampers.com\/es\/quienes-somos\/"]}]},{"@type":"BreadcrumbList","@id":"https:\/\/180surcampers.com\/es\/quienes-somos\/#breadcrumb","itemListElement":[{"@type":"ListItem","position":1,"name":"Home","item":"https:\/\/180surcampers.com\/es\/"},{"@type":"ListItem","position":2,"name":"Qui\u00e9nes somos"}]},{"@type":"WebSite","@id":"https:\/\/180surcampers.com\/es\/#website","url":"https:\/\/180surcampers.com\/es\/","name":"180surcampers","description":"My WordPress Blog","potentialAction":[{"@type":"SearchAction","target":{"@type":"EntryPoint","urlTemplate":"https:\/\/180surcampers.com\/es\/?s={search_term_string}"},"query-input":{"@type":"PropertyValueSpecification","valueRequired":true,"valueName":"search_term_string"}}],"inLanguage":"es"}]}},"_links":{"self":[{"href":"https:\/\/180surcampers.com\/es\/wp-json\/wp\/v2\/pages\/806","targetHints":{"allow":["GET"]}}],"collection":[{"href":"https:\/\/180surcampers.com\/es\/wp-json\/wp\/v2\/pages"}],"about":[{"href":"https:\/\/180surcampers.com\/es\/wp-json\/wp\/v2\/types\/page"}],"author":[{"embeddable":true,"href":"https:\/\/180surcampers.com\/es\/wp-json\/wp\/v2\/users\/1"}],"replies":[{"embeddable":true,"href":"https:\/\/180surcampers.com\/es\/wp-json\/wp\/v2\/comments?post=806"}],"version-history":[{"count":50,"href":"https:\/\/180surcampers.com\/es\/wp-json\/wp\/v2\/pages\/806\/revisions"}],"predecessor-version":[{"id":4868,"href":"https:\/\/180surcampers.com\/es\/wp-json\/wp\/v2\/pages\/806\/revisions\/4868"}],"wp:attachment":[{"href":"https:\/\/180surcampers.com\/es\/wp-json\/wp\/v2\/media?parent=806"}],"curies":[{"name":"wp","href":"https:\/\/api.w.org\/{rel}","templated":true}]}}